{"id":9957,"date":"2025-05-21T17:22:30","date_gmt":"2025-05-21T17:22:30","guid":{"rendered":"https:\/\/agencialas.cl\/hilaria\/?page_id=9957"},"modified":"2025-11-11T09:55:41","modified_gmt":"2025-11-11T13:55:41","slug":"equipamiento-y-tecnica-audiovisual-para-eventos-corporativos","status":"publish","type":"page","link":"https:\/\/agencialas.cl\/hilaria\/equipamiento-y-tecnica-audiovisual-para-eventos-corporativos\/","title":{"rendered":"Centro de\u00a0 eventos corporativos &#8211; Equipamiento y T\u00e9cnica Audiovisual"},"content":{"rendered":"\t\t<div data-elementor-type=\"wp-page\" data-elementor-id=\"9957\" class=\"elementor elementor-9957\" data-elementor-post-type=\"page\">\n\t\t\t\t<div class=\"elementor-element elementor-element-96558d7 e-flex e-con-boxed e-con e-parent\" data-id=\"96558d7\" data-element_type=\"container\" data-settings=\"{&quot;background_background&quot;:&quot;classic&quot;}\">\n\t\t\t\t\t<div class=\"e-con-inner\">\n\t\t\t\t\t<\/div>\n\t\t\t\t<\/div>\n\t\t<div class=\"elementor-element elementor-element-5cce5e0 e-flex e-con-boxed e-con e-parent\" data-id=\"5cce5e0\" data-element_type=\"container\" data-settings=\"{&quot;background_background&quot;:&quot;classic&quot;}\">\n\t\t\t\t\t<div class=\"e-con-inner\">\n\t\t\t\t<div class=\"elementor-element elementor-element-a5e3355 elementor-widget elementor-widget-heading\" data-id=\"a5e3355\" data-element_type=\"widget\" data-widget_type=\"heading.default\">\n\t\t\t\t\t<h1 class=\"elementor-heading-title elementor-size-default\">Equipamiento y T\u00e9cnica Audiovisual para Eventos en Hilaria<\/h1>\t\t\t\t<\/div>\n\t\t\t\t<div class=\"elementor-element elementor-element-e0aaa23 elementor-widget elementor-widget-text-editor\" data-id=\"e0aaa23\" data-element_type=\"widget\" data-widget_type=\"text-editor.default\">\n\t\t\t\t\t\t\t\t\t<p>Hilaria ha desarrollado una estrecha alianza con W Protec, nuestro partner audiovisual, a trav\u00e9s del cual podemos brindar soporte t\u00e9cnico sin complicaciones y soluciones innovadoras a cada uno de nuestros eventos empresariales y matrimonios. Disfruta de la tranquilidad de saber que nuestros profesionales est\u00e1n aqu\u00ed para ayudarte con todas tus necesidades t\u00e9cnicas, garantizando as\u00ed un evento exitoso.<\/p>\t\t\t\t\t\t\t\t<\/div>\n\t\t\t\t\t<\/div>\n\t\t\t\t<\/div>\n\t\t<div class=\"elementor-element elementor-element-768ec96 e-con-full e-flex e-con e-parent\" data-id=\"768ec96\" data-element_type=\"container\" id=\"hall\" data-settings=\"{&quot;background_background&quot;:&quot;classic&quot;}\">\n\t\t<div class=\"elementor-element elementor-element-50c8032 e-con-full e-flex e-con e-child\" data-id=\"50c8032\" data-element_type=\"container\">\n\t\t\t\t<div class=\"elementor-element elementor-element-fc18937 elementor-hidden-mobile elementor-widget elementor-widget-heading\" data-id=\"fc18937\" data-element_type=\"widget\" data-widget_type=\"heading.default\">\n\t\t\t\t\t<p class=\"elementor-heading-title elementor-size-default\">De forma resumida, listamos a continuaci\u00f3n los servicios disponibles: <\/p>\t\t\t\t<\/div>\n\t\t\t\t<div class=\"elementor-element elementor-element-4a07bb4 elementor-hidden-desktop elementor-hidden-laptop elementor-hidden-tablet elementor-widget elementor-widget-heading\" data-id=\"4a07bb4\" data-element_type=\"widget\" data-widget_type=\"heading.default\">\n\t\t\t\t\t<h2 class=\"elementor-heading-title elementor-size-default\">De forma resumida, listamos a continuaci\u00f3n los servicios disponibles: <\/h2>\t\t\t\t<\/div>\n\t\t\t\t<div class=\"elementor-element elementor-element-99b9560 elementor-widget elementor-widget-text-editor\" data-id=\"99b9560\" data-element_type=\"widget\" data-widget_type=\"text-editor.default\">\n\t\t\t\t\t\t\t\t\t<ul><li>Amplificaci\u00f3n, musicalizaci\u00f3n y microfon\u00eda<\/li><li>Iluminaci\u00f3n para todo tipo de eventos, seminarios, cenas, fiestas.<\/li><li>Pantallas LED de las medidas que el sal\u00f3n y evento requiera.<\/li><li>Escenarios de distintas superficies y alturas<\/li><li>Streaming y CCTV<\/li><li>Efectos especiales para fiestas; chispa fr\u00eda, confetti, l\u00e1ser, niebla baja.<\/li><li>Pistas de baile Infinity<\/li><li>C\u00e1maras 360\u00b0 y cabina fotogr\u00e1fica<\/li><\/ul>\t\t\t\t\t\t\t\t<\/div>\n\t\t<div class=\"elementor-element elementor-element-8d4ac3c e-con-full e-flex e-con e-child\" data-id=\"8d4ac3c\" data-element_type=\"container\">\n\t\t\t\t<div class=\"elementor-element elementor-element-2303627 logo-oscuro elementor-widget elementor-widget-button\" data-id=\"2303627\" data-element_type=\"widget\" data-widget_type=\"button.default\">\n\t\t\t\t\t\t\t\t\t\t<a class=\"elementor-button elementor-button-link elementor-size-sm\" href=\"https:\/\/agencialas.cl\/hilaria\/contacto-eventos-corporativos\/\">\n\t\t\t\t\t\t<span class=\"elementor-button-content-wrapper\">\n\t\t\t\t\t\t\t\t\t<span class=\"elementor-button-text\">solicitar cotizaci\u00f3n<\/span>\n\t\t\t\t\t<\/span>\n\t\t\t\t\t<\/a>\n\t\t\t\t\t\t\t\t<\/div>\n\t\t\t\t<\/div>\n\t\t\t\t<\/div>\n\t\t<div class=\"elementor-element elementor-element-36a03a2 e-con-full e-flex e-con e-child\" data-id=\"36a03a2\" data-element_type=\"container\" data-settings=\"{&quot;background_background&quot;:&quot;classic&quot;}\">\n\t\t\t\t<div class=\"elementor-element elementor-element-d96ee1e elementor-pagination-type-bullets elementor-arrows-position-inside elementor-pagination-position-outside elementor-widget elementor-widget-n-carousel\" data-id=\"d96ee1e\" data-element_type=\"widget\" data-settings=\"{&quot;carousel_items&quot;:[{&quot;slide_title&quot;:&quot;Diapositiva n\\u00ba 1&quot;,&quot;_id&quot;:&quot;8a9766f&quot;},{&quot;slide_title&quot;:&quot;Diapositiva n\\u00ba 1&quot;,&quot;_id&quot;:&quot;3734f2f&quot;},{&quot;slide_title&quot;:&quot;Diapositiva n\\u00ba 1&quot;,&quot;_id&quot;:&quot;8e19e46&quot;},{&quot;slide_title&quot;:&quot;Diapositiva n\\u00ba 1&quot;,&quot;_id&quot;:&quot;3144c4d&quot;},{&quot;slide_title&quot;:&quot;Diapositiva n\\u00ba 1&quot;,&quot;_id&quot;:&quot;6129a94&quot;},{&quot;slide_title&quot;:&quot;Diapositiva n\\u00ba 1&quot;,&quot;_id&quot;:&quot;6c9078d&quot;}],&quot;slides_to_show&quot;:&quot;1&quot;,&quot;slides_to_show_tablet&quot;:&quot;1&quot;,&quot;slides_to_show_mobile&quot;:&quot;1&quot;,&quot;autoplay&quot;:&quot;yes&quot;,&quot;autoplay_speed&quot;:5000,&quot;pause_on_hover&quot;:&quot;yes&quot;,&quot;pause_on_interaction&quot;:&quot;yes&quot;,&quot;infinite&quot;:&quot;yes&quot;,&quot;speed&quot;:500,&quot;offset_sides&quot;:&quot;none&quot;,&quot;arrows&quot;:&quot;yes&quot;,&quot;pagination&quot;:&quot;bullets&quot;,&quot;image_spacing_custom&quot;:{&quot;unit&quot;:&quot;px&quot;,&quot;size&quot;:10,&quot;sizes&quot;:[]},&quot;image_spacing_custom_laptop&quot;:{&quot;unit&quot;:&quot;px&quot;,&quot;size&quot;:&quot;&quot;,&quot;sizes&quot;:[]},&quot;image_spacing_custom_tablet&quot;:{&quot;unit&quot;:&quot;px&quot;,&quot;size&quot;:&quot;&quot;,&quot;sizes&quot;:[]},&quot;image_spacing_custom_mobile&quot;:{&quot;unit&quot;:&quot;px&quot;,&quot;size&quot;:&quot;&quot;,&quot;sizes&quot;:[]}}\" data-widget_type=\"nested-carousel.default\">\n\t\t\t\t\t\t\t<div class=\"e-n-carousel swiper\" role=\"region\" aria-roledescription=\"carousel\" aria-label=\"Carrusel\" dir=\"ltr\">\n\t\t\t<div class=\"swiper-wrapper\" aria-live=\"off\">\n\t\t\t\t\t\t\t\t\t\t<div class=\"swiper-slide\" data-slide=\"1\" role=\"group\" aria-roledescription=\"slide\" aria-label=\"1 of 6\">\n\t\t\t\t\t\t\t<div class=\"elementor-element elementor-element-8e1aa41 e-con-full e-flex e-con e-child\" data-id=\"8e1aa41\" data-element_type=\"container\">\n\t\t\t\t<div class=\"elementor-element elementor-element-7293626 elementor-widget elementor-widget-spacer\" data-id=\"7293626\" data-element_type=\"widget\" data-widget_type=\"spacer.default\">\n\t\t\t\t\t\t\t<div class=\"elementor-spacer\">\n\t\t\t<div class=\"elementor-spacer-inner\"><\/div>\n\t\t<\/div>\n\t\t\t\t\t\t<\/div>\n\t\t\t\t<\/div>\n\t\t\t\t\t\t\t\t<\/div>\n\t\t\t\t\t\t\t\t\t\t\t<div class=\"swiper-slide\" data-slide=\"2\" role=\"group\" aria-roledescription=\"slide\" aria-label=\"2 of 6\">\n\t\t\t\t\t\t\t<div class=\"elementor-element elementor-element-6fbd8f8 e-con-full e-flex e-con e-child\" data-id=\"6fbd8f8\" data-element_type=\"container\">\n\t\t\t\t<div class=\"elementor-element elementor-element-7349c50 elementor-widget elementor-widget-spacer\" data-id=\"7349c50\" data-element_type=\"widget\" data-widget_type=\"spacer.default\">\n\t\t\t\t\t\t\t<div class=\"elementor-spacer\">\n\t\t\t<div class=\"elementor-spacer-inner\"><\/div>\n\t\t<\/div>\n\t\t\t\t\t\t<\/div>\n\t\t\t\t<\/div>\n\t\t\t\t\t\t\t\t<\/div>\n\t\t\t\t\t\t\t\t\t\t\t<div class=\"swiper-slide\" data-slide=\"3\" role=\"group\" aria-roledescription=\"slide\" aria-label=\"3 of 6\">\n\t\t\t\t\t\t\t<div class=\"elementor-element elementor-element-f402ab2 e-con-full e-flex e-con e-child\" data-id=\"f402ab2\" data-element_type=\"container\">\n\t\t\t\t<div class=\"elementor-element elementor-element-f4600bd elementor-widget elementor-widget-spacer\" data-id=\"f4600bd\" data-element_type=\"widget\" data-widget_type=\"spacer.default\">\n\t\t\t\t\t\t\t<div class=\"elementor-spacer\">\n\t\t\t<div class=\"elementor-spacer-inner\"><\/div>\n\t\t<\/div>\n\t\t\t\t\t\t<\/div>\n\t\t\t\t<\/div>\n\t\t\t\t\t\t\t\t<\/div>\n\t\t\t\t\t\t\t\t\t\t\t<div class=\"swiper-slide\" data-slide=\"4\" role=\"group\" aria-roledescription=\"slide\" aria-label=\"4 of 6\">\n\t\t\t\t\t\t\t<div class=\"elementor-element elementor-element-493551b e-con-full e-flex e-con e-child\" data-id=\"493551b\" data-element_type=\"container\">\n\t\t\t\t<div class=\"elementor-element elementor-element-2261239 elementor-widget elementor-widget-spacer\" data-id=\"2261239\" data-element_type=\"widget\" data-widget_type=\"spacer.default\">\n\t\t\t\t\t\t\t<div class=\"elementor-spacer\">\n\t\t\t<div class=\"elementor-spacer-inner\"><\/div>\n\t\t<\/div>\n\t\t\t\t\t\t<\/div>\n\t\t\t\t<\/div>\n\t\t\t\t\t\t\t\t<\/div>\n\t\t\t\t\t\t\t\t\t\t\t<div class=\"swiper-slide\" data-slide=\"5\" role=\"group\" aria-roledescription=\"slide\" aria-label=\"5 of 6\">\n\t\t\t\t\t\t\t<div class=\"elementor-element elementor-element-58cf6b0 e-con-full e-flex e-con e-child\" data-id=\"58cf6b0\" data-element_type=\"container\">\n\t\t\t\t<div class=\"elementor-element elementor-element-ba73f4b elementor-widget elementor-widget-spacer\" data-id=\"ba73f4b\" data-element_type=\"widget\" data-widget_type=\"spacer.default\">\n\t\t\t\t\t\t\t<div class=\"elementor-spacer\">\n\t\t\t<div class=\"elementor-spacer-inner\"><\/div>\n\t\t<\/div>\n\t\t\t\t\t\t<\/div>\n\t\t\t\t<\/div>\n\t\t\t\t\t\t\t\t<\/div>\n\t\t\t\t\t\t\t\t\t\t\t<div class=\"swiper-slide\" data-slide=\"6\" role=\"group\" aria-roledescription=\"slide\" aria-label=\"6 of 6\">\n\t\t\t\t\t\t\t<div class=\"elementor-element elementor-element-858db91 e-con-full e-flex e-con e-child\" data-id=\"858db91\" data-element_type=\"container\">\n\t\t\t\t<div class=\"elementor-element elementor-element-25d9778 elementor-widget elementor-widget-spacer\" data-id=\"25d9778\" data-element_type=\"widget\" data-widget_type=\"spacer.default\">\n\t\t\t\t\t\t\t<div class=\"elementor-spacer\">\n\t\t\t<div class=\"elementor-spacer-inner\"><\/div>\n\t\t<\/div>\n\t\t\t\t\t\t<\/div>\n\t\t\t\t<\/div>\n\t\t\t\t\t\t\t\t<\/div>\n\t\t\t\t\t\t\t\t<\/div>\n\t\t<\/div>\n\t\t\t\t\t<div class=\"elementor-swiper-button elementor-swiper-button-prev\" role=\"button\" tabindex=\"0\" aria-label=\"Anterior\">\n\t\t\t\t<svg aria-hidden=\"true\" class=\"e-font-icon-svg e-eicon-chevron-left\" viewBox=\"0 0 1000 1000\" xmlns=\"http:\/\/www.w3.org\/2000\/svg\"><path d=\"M646 125C629 125 613 133 604 142L308 442C296 454 292 471 292 487 292 504 296 521 308 533L604 854C617 867 629 875 646 875 663 875 679 871 692 858 704 846 713 829 713 812 713 796 708 779 692 767L438 487 692 225C700 217 708 204 708 187 708 171 704 154 692 142 675 129 663 125 646 125Z\"><\/path><\/svg>\t\t\t<\/div>\n\t\t\t<div class=\"elementor-swiper-button elementor-swiper-button-next\" role=\"button\" tabindex=\"0\" aria-label=\"Siguiente\">\n\t\t\t\t<svg aria-hidden=\"true\" class=\"e-font-icon-svg e-eicon-chevron-right\" viewBox=\"0 0 1000 1000\" xmlns=\"http:\/\/www.w3.org\/2000\/svg\"><path d=\"M696 533C708 521 713 504 713 487 713 471 708 454 696 446L400 146C388 133 375 125 354 125 338 125 325 129 313 142 300 154 292 171 292 187 292 204 296 221 308 233L563 492 304 771C292 783 288 800 288 817 288 833 296 850 308 863 321 871 338 875 354 875 371 875 388 867 400 854L696 533Z\"><\/path><\/svg>\t\t\t<\/div>\n\t\t\t\t\t<div class=\"swiper-pagination\"><\/div>\n\t\t\t\t\t\t<\/div>\n\t\t\t\t<\/div>\n\t\t\t\t<\/div>\n\t\t<div class=\"elementor-element elementor-element-188ecda e-flex e-con-boxed e-con e-parent\" data-id=\"188ecda\" data-element_type=\"container\" data-settings=\"{&quot;background_background&quot;:&quot;classic&quot;}\">\n\t\t\t\t\t<div class=\"e-con-inner\">\n\t\t\t\t<div class=\"elementor-element elementor-element-2e3a24f elementor-view-default elementor-widget elementor-widget-icon\" data-id=\"2e3a24f\" data-element_type=\"widget\" data-widget_type=\"icon.default\">\n\t\t\t\t\t\t\t<div class=\"elementor-icon-wrapper\">\n\t\t\t<div class=\"elementor-icon\">\n\t\t\t<svg xmlns=\"http:\/\/www.w3.org\/2000\/svg\" xmlns:xlink=\"http:\/\/www.w3.org\/1999\/xlink\" id=\"Capa_1\" x=\"0px\" y=\"0px\" viewBox=\"0 0 158.9 158.8\" overflow=\"visible\" xml:space=\"preserve\"><path fill-rule=\"evenodd\" fill=\"#0E1738\" d=\"M125.7,91.3c-12.5,0-24-4.4-33-11.5c9.1-7.2,20.6-11.5,33-11.5c12.5,0,24,4.3,33,11.5 C149.6,87,138.1,91.3,125.7,91.3z M67.7,126.1c0-12.5,4.3-24,11.5-33c7.2,9.1,11.5,20.6,11.5,33c0,12.5-4.4,24-11.5,33 C72.1,150.1,67.7,138.6,67.7,126.1z M67.7,33.4c0-12.5,4.3-24,11.5-33c7.2,9.1,11.5,20.5,11.5,33s-4.4,24-11.5,33 C72.1,57.3,67.7,45.9,67.7,33.4z M-0.2,79.7c9.1-7.2,20.6-11.5,33-11.5s24,4.3,33,11.5c-9.1,7.2-20.6,11.5-33,11.5S8.9,87-0.2,79.7z \"><\/path><\/svg>\t\t\t<\/div>\n\t\t<\/div>\n\t\t\t\t\t\t<\/div>\n\t\t\t\t<div class=\"elementor-element elementor-element-aa99e1f elementor-widget elementor-widget-text-editor\" data-id=\"aa99e1f\" data-element_type=\"widget\" data-widget_type=\"text-editor.default\">\n\t\t\t\t\t\t\t\t\t<p>Para Hilaria la seguridad e integridad de los invitados es prioritario, por lo que permitimos el ingreso de proveedores audiovisuales tra\u00eddos por el cliente siempre y cuando cumplan con ciertos requisitos de seguridad, prevenci\u00f3n de riesgos y legislaci\u00f3n laboral de sus equipos de trabajo.<\/p><p>Puedes consultar con nuestro quipo de operaciones sobre estos requisitos. No hay cobro de fee ni recargo por ingresar con t\u00e9cnica externa.<\/p><p>\u00a0<\/p><p>aa<\/p>\t\t\t\t\t\t\t\t<\/div>\n\t\t\t\t\t<\/div>\n\t\t\t\t<\/div>\n\t\t\t\t<\/div>\n\t\t","protected":false},"excerpt":{"rendered":"<p>Equipamiento y T\u00e9cnica Audiovisual para Eventos en Hilaria Hilaria ha desarrollado una estrecha alianza con W Protec, nuestro partner audiovisual, a trav\u00e9s del cual podemos brindar soporte t\u00e9cnico sin complicaciones y soluciones innovadoras a cada uno de nuestros eventos empresariales y matrimonios. Disfruta de la tranquilidad de saber que nuestros profesionales est\u00e1n aqu\u00ed para ayudarte [&hellip;]<\/p>\n","protected":false},"author":1,"featured_media":0,"parent":0,"menu_order":0,"comment_status":"closed","ping_status":"closed","template":"elementor_header_footer","meta":{"footnotes":""},"class_list":["post-9957","page","type-page","status-publish","hentry"],"_links":{"self":[{"href":"https:\/\/agencialas.cl\/hilaria\/wp-json\/wp\/v2\/pages\/9957","targetHints":{"allow":["GET"]}}],"collection":[{"href":"https:\/\/agencialas.cl\/hilaria\/wp-json\/wp\/v2\/pages"}],"about":[{"href":"https:\/\/agencialas.cl\/hilaria\/wp-json\/wp\/v2\/types\/page"}],"author":[{"embeddable":true,"href":"https:\/\/agencialas.cl\/hilaria\/wp-json\/wp\/v2\/users\/1"}],"replies":[{"embeddable":true,"href":"https:\/\/agencialas.cl\/hilaria\/wp-json\/wp\/v2\/comments?post=9957"}],"version-history":[{"count":0,"href":"https:\/\/agencialas.cl\/hilaria\/wp-json\/wp\/v2\/pages\/9957\/revisions"}],"wp:attachment":[{"href":"https:\/\/agencialas.cl\/hilaria\/wp-json\/wp\/v2\/media?parent=9957"}],"curies":[{"name":"wp","href":"https:\/\/api.w.org\/{rel}","templated":true}]}}